{"id":5605,"date":"2016-08-01T10:56:28","date_gmt":"2016-08-01T09:56:28","guid":{"rendered":"https:\/\/escolajardimdomonte.org\/harp\/"},"modified":"2025-06-11T15:40:12","modified_gmt":"2025-06-11T14:40:12","slug":"harpa","status":"publish","type":"page","link":"https:\/\/escolajardimdomonte.org\/en\/harpa\/","title":{"rendered":"Harpa"},"content":{"rendered":"\t\t<div data-elementor-type=\"wp-page\" data-elementor-id=\"5605\" class=\"elementor elementor-5605 elementor-1965\" data-elementor-post-type=\"page\">\n\t\t\t\t\t\t<section data-particle_enable=\"false\" data-particle-mobile-disabled=\"false\" class=\"elementor-section elementor-top-section elementor-element elementor-element-20e7db18 elementor-section-height-min-height elementor-section-boxed elementor-section-height-default elementor-section-items-middle\" data-id=\"20e7db18\" data-element_type=\"section\" data-e-type=\"section\" data-settings=\"{&quot;background_background&quot;:&quot;classic&quot;}\">\n\t\t\t\t\t\t\t<div class=\"elementor-background-overlay\"><\/div>\n\t\t\t\t\t\t\t<div class=\"elementor-container elementor-column-gap-default\">\n\t\t\t\t\t<div class=\"elementor-column elementor-col-100 elementor-top-column elementor-element elementor-element-61c4c7fb\" data-id=\"61c4c7fb\" data-element_type=\"column\" data-e-type=\"column\">\n\t\t\t<div class=\"elementor-widget-wrap elementor-element-populated\">\n\t\t\t\t\t\t<div class=\"elementor-element elementor-element-032cb39 elementor-widget elementor-widget-heading\" data-id=\"032cb39\" data-element_type=\"widget\" data-e-type=\"widget\" data-widget_type=\"heading.default\">\n\t\t\t\t<div class=\"elementor-widget-container\">\n\t\t\t\t\t<h2 class=\"elementor-heading-title elementor-size-default\">Associa\u00e7\u00e3o Recriar Para Aprender<\/h2>\t\t\t\t<\/div>\n\t\t\t\t<\/div>\n\t\t\t\t<div class=\"elementor-element elementor-element-d418be8 elementor-widget elementor-widget-spacer\" data-id=\"d418be8\" data-element_type=\"widget\" data-e-type=\"widget\" data-widget_type=\"spacer.default\">\n\t\t\t\t<div class=\"elementor-widget-container\">\n\t\t\t\t\t\t\t<div class=\"elementor-spacer\">\n\t\t\t<div class=\"elementor-spacer-inner\"><\/div>\n\t\t<\/div>\n\t\t\t\t\t\t<\/div>\n\t\t\t\t<\/div>\n\t\t\t\t<div class=\"elementor-element elementor-element-796ab048 elementor-widget elementor-widget-text-editor\" data-id=\"796ab048\" data-element_type=\"widget\" data-e-type=\"widget\" data-widget_type=\"text-editor.default\">\n\t\t\t\t<div class=\"elementor-widget-container\">\n\t\t\t\t\t\t\t\t\t<p>HARPA &#8211; Associa\u00e7\u00e3o Recriar para Aprender, which owns the Jardim do Monte School, is our cradle, our home, where it all began and where we live!<br><br>Alongside the school, HARPA offers a natural space with different areas where agricultural work and landscape preservation are carried out, as well as workshops based on the principles of Bio-Dynamics.<\/p><p>In addition to the School, HARPA offers long-term courses in Waldorf Pedagogy, Eurythmy and Anthroposophical Art Therapy.<\/p><p>To find out more, visit the website:<\/p>\t\t\t\t\t\t\t\t<\/div>\n\t\t\t\t<\/div>\n\t\t\t\t<div class=\"elementor-element elementor-element-dbc3550 elementor-align-center elementor-widget elementor-widget-button\" data-id=\"dbc3550\" data-element_type=\"widget\" data-e-type=\"widget\" data-widget_type=\"button.default\">\n\t\t\t\t<div class=\"elementor-widget-container\">\n\t\t\t\t\t\t\t\t\t<div class=\"elementor-button-wrapper\">\n\t\t\t\t\t<a class=\"elementor-button elementor-button-link elementor-size-lg elementor-animation-grow\" href=\"https:\/\/harpa.pt\" target=\"_blank\" rel=\"noopener\">\n\t\t\t\t\t\t<span class=\"elementor-button-content-wrapper\">\n\t\t\t\t\t\t\t\t\t<span class=\"elementor-button-text\">Visit<\/span>\n\t\t\t\t\t<\/span>\n\t\t\t\t\t<\/a>\n\t\t\t\t<\/div>\n\t\t\t\t\t\t\t\t<\/div>\n\t\t\t\t<\/div>\n\t\t\t\t\t<\/div>\n\t\t<\/div>\n\t\t\t\t\t<\/div>\n\t\t<\/section>\n\t\t\t\t<\/div>\n\t\t","protected":false},"excerpt":{"rendered":"<p>Associa\u00e7\u00e3o Recriar Para Aprender HARPA &#8211; Associa\u00e7\u00e3o Recriar para Aprender, which owns the Jardim do Monte School, is our cradle, our home, where it all began and where we live! Alongside the school, HARPA offers a natural space with different areas where agricultural work and landscape preservation are carried out, as well as workshops based [&hellip;]<\/p>\n","protected":false},"author":8,"featured_media":5220,"parent":0,"menu_order":0,"comment_status":"closed","ping_status":"closed","template":"elementor_header_footer","meta":{"footnotes":""},"class_list":["post-5605","page","type-page","status-publish","has-post-thumbnail","hentry"],"_links":{"self":[{"href":"https:\/\/escolajardimdomonte.org\/en\/wp-json\/wp\/v2\/pages\/5605","targetHints":{"allow":["GET"]}}],"collection":[{"href":"https:\/\/escolajardimdomonte.org\/en\/wp-json\/wp\/v2\/pages"}],"about":[{"href":"https:\/\/escolajardimdomonte.org\/en\/wp-json\/wp\/v2\/types\/page"}],"author":[{"embeddable":true,"href":"https:\/\/escolajardimdomonte.org\/en\/wp-json\/wp\/v2\/users\/8"}],"replies":[{"embeddable":true,"href":"https:\/\/escolajardimdomonte.org\/en\/wp-json\/wp\/v2\/comments?post=5605"}],"version-history":[{"count":2,"href":"https:\/\/escolajardimdomonte.org\/en\/wp-json\/wp\/v2\/pages\/5605\/revisions"}],"predecessor-version":[{"id":5663,"href":"https:\/\/escolajardimdomonte.org\/en\/wp-json\/wp\/v2\/pages\/5605\/revisions\/5663"}],"wp:featuredmedia":[{"embeddable":true,"href":"https:\/\/escolajardimdomonte.org\/en\/wp-json\/wp\/v2\/media\/5220"}],"wp:attachment":[{"href":"https:\/\/escolajardimdomonte.org\/en\/wp-json\/wp\/v2\/media?parent=5605"}],"curies":[{"name":"wp","href":"https:\/\/api.w.org\/{rel}","templated":true}]}}